{"id":1051,"date":"2021-01-14T15:18:23","date_gmt":"2021-01-14T14:18:23","guid":{"rendered":"https:\/\/mettevinterfugl.dk\/?page_id=1051"},"modified":"2021-10-22T10:57:04","modified_gmt":"2021-10-22T08:57:04","slug":"inspiration","status":"publish","type":"page","link":"https:\/\/mettevinterfugl.dk\/?page_id=1051","title":{"rendered":"Inspiration"},"content":{"rendered":"\t\t<div data-elementor-type=\"wp-page\" data-elementor-id=\"1051\" class=\"elementor elementor-1051\" data-elementor-settings=\"[]\">\n\t\t\t\t\t\t<div class=\"elementor-inner\">\n\t\t\t\t\t\t\t<div class=\"elementor-section-wrap\">\n\t\t\t\t\t\t\t<section class=\"elementor-section elementor-top-section elementor-element elementor-element-19a23af elementor-section-boxed elementor-section-height-default elementor-section-height-default\" data-id=\"19a23af\" data-element_type=\"section\">\n\t\t\t\t\t\t<div class=\"elementor-container elementor-column-gap-default\">\n\t\t\t\t\t\t\t<div class=\"elementor-row\">\n\t\t\t\t\t<div class=\"elementor-column elementor-col-100 elementor-top-column elementor-element elementor-element-3bef16a\" data-id=\"3bef16a\" data-element_type=\"column\">\n\t\t\t<div class=\"elementor-column-wrap elementor-element-populated\">\n\t\t\t\t\t\t\t<div class=\"elementor-widget-wrap\">\n\t\t\t\t\t\t<div class=\"elementor-element elementor-element-dba2c08 elementor-widget elementor-widget-text-editor\" data-id=\"dba2c08\" data-element_type=\"widget\" data-widget_type=\"text-editor.default\">\n\t\t\t\t<div class=\"elementor-widget-container\">\n\t\t\t\t\t<div class=\"elementor-text-editor elementor-clearfix\"><p><span style=\"color: var( --e-global-color-text ); letter-spacing: 0px;\">Inspiration<\/span><br><\/p><\/div>\n\t\t\t\t<\/div>\n\t\t\t\t<\/div>\n\t\t\t\t\t\t<\/div>\n\t\t\t\t\t<\/div>\n\t\t<\/div>\n\t\t\t\t\t\t\t\t<\/div>\n\t\t\t\t\t<\/div>\n\t\t<\/section>\n\t\t\t\t<section class=\"elementor-section elementor-top-section elementor-element elementor-element-e848e86 elementor-section-boxed elementor-section-height-default elementor-section-height-default\" data-id=\"e848e86\" data-element_type=\"section\">\n\t\t\t\t\t\t<div class=\"elementor-container elementor-column-gap-extended\">\n\t\t\t\t\t\t\t<div class=\"elementor-row\">\n\t\t\t\t\t<div class=\"elementor-column elementor-col-50 elementor-top-column elementor-element elementor-element-d749cda\" data-id=\"d749cda\" data-element_type=\"column\">\n\t\t\t<div class=\"elementor-column-wrap elementor-element-populated\">\n\t\t\t\t\t\t\t<div class=\"elementor-widget-wrap\">\n\t\t\t\t\t\t<div class=\"elementor-element elementor-element-c1a8180 elementor-widget elementor-widget-text-editor\" data-id=\"c1a8180\" data-element_type=\"widget\" data-widget_type=\"text-editor.default\">\n\t\t\t\t<div class=\"elementor-widget-container\">\n\t\t\t\t\t<div class=\"elementor-text-editor elementor-clearfix\"><p>Fra barndommen af har jeg g\u00e5et ved stranden og samlet forsteninger. \u00d8jet l\u00e6rer ubevidst at se linier, farver, former, skygger og teksturer p\u00e5 strandens skiftende overflade mellem ebbe og flod. Der er ikke langt fra at se p\u00e5 forsteninger til at se p\u00e5 sten med \u00a0\u201cbilleder\u201d p\u00e5.<\/p><\/div>\n\t\t\t\t<\/div>\n\t\t\t\t<\/div>\n\t\t\t\t\t\t<\/div>\n\t\t\t\t\t<\/div>\n\t\t<\/div>\n\t\t\t\t<div class=\"elementor-column elementor-col-50 elementor-top-column elementor-element elementor-element-cb02c59\" data-id=\"cb02c59\" data-element_type=\"column\">\n\t\t\t<div class=\"elementor-column-wrap elementor-element-populated\">\n\t\t\t\t\t\t\t<div class=\"elementor-widget-wrap\">\n\t\t\t\t\t\t<div class=\"elementor-element elementor-element-fc3ff26 elementor-widget elementor-widget-text-editor\" data-id=\"fc3ff26\" data-element_type=\"widget\" data-widget_type=\"text-editor.default\">\n\t\t\t\t<div class=\"elementor-widget-container\">\n\t\t\t\t\t<div class=\"elementor-text-editor elementor-clearfix\"><p>Since my early childhood I have walked along the stone filled shores of Denmark hunting for fossils. Subconsciously the eye learns to recognize lines, colors, patterns, shapes and shadows in the ever-changing surface of the beach.\u00a0Searching for fossils and finding the most incredible stories depicted in a stone is not far apart.\u00a0<\/p><\/div>\n\t\t\t\t<\/div>\n\t\t\t\t<\/div>\n\t\t\t\t\t\t<\/div>\n\t\t\t\t\t<\/div>\n\t\t<\/div>\n\t\t\t\t\t\t\t\t<\/div>\n\t\t\t\t\t<\/div>\n\t\t<\/section>\n\t\t\t\t<section class=\"elementor-section elementor-top-section elementor-element elementor-element-0de555b elementor-section-boxed elementor-section-height-default elementor-section-height-default\" data-id=\"0de555b\" data-element_type=\"section\">\n\t\t\t\t\t\t<div class=\"elementor-container elementor-column-gap-default\">\n\t\t\t\t\t\t\t<div class=\"elementor-row\">\n\t\t\t\t\t<div class=\"elementor-column elementor-col-100 elementor-top-column elementor-element elementor-element-ab94701\" data-id=\"ab94701\" data-element_type=\"column\">\n\t\t\t<div class=\"elementor-column-wrap elementor-element-populated\">\n\t\t\t\t\t\t\t<div class=\"elementor-widget-wrap\">\n\t\t\t\t\t\t<div class=\"elementor-element elementor-element-978c528 gallery-spacing-custom elementor-widget elementor-widget-image-gallery\" data-id=\"978c528\" data-element_type=\"widget\" data-widget_type=\"image-gallery.default\">\n\t\t\t\t<div class=\"elementor-widget-container\">\n\t\t\t\t\t<div class=\"elementor-image-gallery\">\n\t\t\t<div id='gallery-1' class='gallery galleryid-1051 gallery-columns-4 gallery-size-thumbnail'><figure class='gallery-item'>\n\t\t\t<div class='gallery-icon landscape'>\n\t\t\t\t<a data-elementor-open-lightbox=\"yes\" data-elementor-lightbox-slideshow=\"978c528\" href='https:\/\/mettevinterfugl.dk\/wp-content\/uploads\/2021\/01\/sten-7.jpg'><img width=\"150\" height=\"150\" src=\"https:\/\/mettevinterfugl.dk\/wp-content\/uploads\/2021\/01\/sten-7-150x150.jpg\" class=\"attachment-thumbnail size-thumbnail\" alt=\"\" decoding=\"async\" loading=\"lazy\" srcset=\"https:\/\/mettevinterfugl.dk\/wp-content\/uploads\/2021\/01\/sten-7-150x150.jpg 150w, https:\/\/mettevinterfugl.dk\/wp-content\/uploads\/2021\/01\/sten-7-230x230.jpg 230w, https:\/\/mettevinterfugl.dk\/wp-content\/uploads\/2021\/01\/sten-7-400x400.jpg 400w, https:\/\/mettevinterfugl.dk\/wp-content\/uploads\/2021\/01\/sten-7-640x640.jpg 640w\" sizes=\"(max-width: 150px) 100vw, 150px\" \/><\/a>\n\t\t\t<\/div><\/figure><figure class='gallery-item'>\n\t\t\t<div class='gallery-icon landscape'>\n\t\t\t\t<a data-elementor-open-lightbox=\"yes\" data-elementor-lightbox-slideshow=\"978c528\" href='https:\/\/mettevinterfugl.dk\/wp-content\/uploads\/2021\/01\/sten-8-scaled.jpg'><img width=\"150\" height=\"150\" src=\"https:\/\/mettevinterfugl.dk\/wp-content\/uploads\/2021\/01\/sten-8-150x150.jpg\" class=\"attachment-thumbnail size-thumbnail\" alt=\"\" decoding=\"async\" loading=\"lazy\" srcset=\"https:\/\/mettevinterfugl.dk\/wp-content\/uploads\/2021\/01\/sten-8-150x150.jpg 150w, https:\/\/mettevinterfugl.dk\/wp-content\/uploads\/2021\/01\/sten-8-230x230.jpg 230w, https:\/\/mettevinterfugl.dk\/wp-content\/uploads\/2021\/01\/sten-8-400x400.jpg 400w, https:\/\/mettevinterfugl.dk\/wp-content\/uploads\/2021\/01\/sten-8-640x640.jpg 640w\" sizes=\"(max-width: 150px) 100vw, 150px\" \/><\/a>\n\t\t\t<\/div><\/figure><figure class='gallery-item'>\n\t\t\t<div class='gallery-icon landscape'>\n\t\t\t\t<a data-elementor-open-lightbox=\"yes\" data-elementor-lightbox-slideshow=\"978c528\" href='https:\/\/mettevinterfugl.dk\/wp-content\/uploads\/2021\/01\/sten-13-scaled.jpg'><img width=\"150\" height=\"150\" src=\"https:\/\/mettevinterfugl.dk\/wp-content\/uploads\/2021\/01\/sten-13-150x150.jpg\" class=\"attachment-thumbnail size-thumbnail\" alt=\"\" decoding=\"async\" loading=\"lazy\" srcset=\"https:\/\/mettevinterfugl.dk\/wp-content\/uploads\/2021\/01\/sten-13-150x150.jpg 150w, https:\/\/mettevinterfugl.dk\/wp-content\/uploads\/2021\/01\/sten-13-230x230.jpg 230w, https:\/\/mettevinterfugl.dk\/wp-content\/uploads\/2021\/01\/sten-13-400x400.jpg 400w, https:\/\/mettevinterfugl.dk\/wp-content\/uploads\/2021\/01\/sten-13-640x640.jpg 640w\" sizes=\"(max-width: 150px) 100vw, 150px\" \/><\/a>\n\t\t\t<\/div><\/figure><figure class='gallery-item'>\n\t\t\t<div class='gallery-icon landscape'>\n\t\t\t\t<a data-elementor-open-lightbox=\"yes\" data-elementor-lightbox-slideshow=\"978c528\" href='https:\/\/mettevinterfugl.dk\/wp-content\/uploads\/2021\/01\/blomster-1-scaled.jpg'><img width=\"150\" height=\"150\" src=\"https:\/\/mettevinterfugl.dk\/wp-content\/uploads\/2021\/01\/blomster-1-150x150.jpg\" class=\"attachment-thumbnail size-thumbnail\" alt=\"\" decoding=\"async\" loading=\"lazy\" srcset=\"https:\/\/mettevinterfugl.dk\/wp-content\/uploads\/2021\/01\/blomster-1-150x150.jpg 150w, https:\/\/mettevinterfugl.dk\/wp-content\/uploads\/2021\/01\/blomster-1-230x230.jpg 230w, https:\/\/mettevinterfugl.dk\/wp-content\/uploads\/2021\/01\/blomster-1-400x400.jpg 400w, https:\/\/mettevinterfugl.dk\/wp-content\/uploads\/2021\/01\/blomster-1-640x640.jpg 640w\" sizes=\"(max-width: 150px) 100vw, 150px\" \/><\/a>\n\t\t\t<\/div><\/figure><figure class='gallery-item'>\n\t\t\t<div class='gallery-icon landscape'>\n\t\t\t\t<a data-elementor-open-lightbox=\"yes\" data-elementor-lightbox-slideshow=\"978c528\" href='https:\/\/mettevinterfugl.dk\/wp-content\/uploads\/2021\/01\/DSC_0136-scaled.jpg'><img width=\"150\" height=\"150\" src=\"https:\/\/mettevinterfugl.dk\/wp-content\/uploads\/2021\/01\/DSC_0136-150x150.jpg\" class=\"attachment-thumbnail size-thumbnail\" alt=\"\" decoding=\"async\" loading=\"lazy\" srcset=\"https:\/\/mettevinterfugl.dk\/wp-content\/uploads\/2021\/01\/DSC_0136-150x150.jpg 150w, https:\/\/mettevinterfugl.dk\/wp-content\/uploads\/2021\/01\/DSC_0136-230x230.jpg 230w, https:\/\/mettevinterfugl.dk\/wp-content\/uploads\/2021\/01\/DSC_0136-400x400.jpg 400w, https:\/\/mettevinterfugl.dk\/wp-content\/uploads\/2021\/01\/DSC_0136-640x640.jpg 640w\" sizes=\"(max-width: 150px) 100vw, 150px\" \/><\/a>\n\t\t\t<\/div><\/figure><figure class='gallery-item'>\n\t\t\t<div class='gallery-icon landscape'>\n\t\t\t\t<a data-elementor-open-lightbox=\"yes\" data-elementor-lightbox-slideshow=\"978c528\" href='https:\/\/mettevinterfugl.dk\/wp-content\/uploads\/2021\/01\/sten-12-scaled.jpg'><img width=\"150\" height=\"150\" src=\"https:\/\/mettevinterfugl.dk\/wp-content\/uploads\/2021\/01\/sten-12-150x150.jpg\" class=\"attachment-thumbnail size-thumbnail\" alt=\"\" decoding=\"async\" loading=\"lazy\" srcset=\"https:\/\/mettevinterfugl.dk\/wp-content\/uploads\/2021\/01\/sten-12-150x150.jpg 150w, https:\/\/mettevinterfugl.dk\/wp-content\/uploads\/2021\/01\/sten-12-230x230.jpg 230w, https:\/\/mettevinterfugl.dk\/wp-content\/uploads\/2021\/01\/sten-12-400x400.jpg 400w, https:\/\/mettevinterfugl.dk\/wp-content\/uploads\/2021\/01\/sten-12-640x640.jpg 640w\" sizes=\"(max-width: 150px) 100vw, 150px\" \/><\/a>\n\t\t\t<\/div><\/figure><figure class='gallery-item'>\n\t\t\t<div class='gallery-icon landscape'>\n\t\t\t\t<a data-elementor-open-lightbox=\"yes\" data-elementor-lightbox-slideshow=\"978c528\" href='https:\/\/mettevinterfugl.dk\/wp-content\/uploads\/2021\/01\/blomster-3-scaled.jpg'><img width=\"150\" height=\"150\" src=\"https:\/\/mettevinterfugl.dk\/wp-content\/uploads\/2021\/01\/blomster-3-150x150.jpg\" class=\"attachment-thumbnail size-thumbnail\" alt=\"\" decoding=\"async\" loading=\"lazy\" srcset=\"https:\/\/mettevinterfugl.dk\/wp-content\/uploads\/2021\/01\/blomster-3-150x150.jpg 150w, https:\/\/mettevinterfugl.dk\/wp-content\/uploads\/2021\/01\/blomster-3-230x230.jpg 230w, https:\/\/mettevinterfugl.dk\/wp-content\/uploads\/2021\/01\/blomster-3-400x400.jpg 400w, https:\/\/mettevinterfugl.dk\/wp-content\/uploads\/2021\/01\/blomster-3-640x640.jpg 640w\" sizes=\"(max-width: 150px) 100vw, 150px\" \/><\/a>\n\t\t\t<\/div><\/figure><figure class='gallery-item'>\n\t\t\t<div class='gallery-icon landscape'>\n\t\t\t\t<a data-elementor-open-lightbox=\"yes\" data-elementor-lightbox-slideshow=\"978c528\" href='https:\/\/mettevinterfugl.dk\/wp-content\/uploads\/2021\/01\/sten-6-scaled.jpg'><img width=\"150\" height=\"150\" src=\"https:\/\/mettevinterfugl.dk\/wp-content\/uploads\/2021\/01\/sten-6-150x150.jpg\" class=\"attachment-thumbnail size-thumbnail\" alt=\"\" decoding=\"async\" loading=\"lazy\" srcset=\"https:\/\/mettevinterfugl.dk\/wp-content\/uploads\/2021\/01\/sten-6-150x150.jpg 150w, https:\/\/mettevinterfugl.dk\/wp-content\/uploads\/2021\/01\/sten-6-230x230.jpg 230w, https:\/\/mettevinterfugl.dk\/wp-content\/uploads\/2021\/01\/sten-6-400x400.jpg 400w, https:\/\/mettevinterfugl.dk\/wp-content\/uploads\/2021\/01\/sten-6-640x640.jpg 640w\" sizes=\"(max-width: 150px) 100vw, 150px\" \/><\/a>\n\t\t\t<\/div><\/figure><figure class='gallery-item'>\n\t\t\t<div class='gallery-icon landscape'>\n\t\t\t\t<a data-elementor-open-lightbox=\"yes\" data-elementor-lightbox-slideshow=\"978c528\" href='https:\/\/mettevinterfugl.dk\/wp-content\/uploads\/2021\/01\/sten-5-scaled.jpg'><img width=\"150\" height=\"150\" src=\"https:\/\/mettevinterfugl.dk\/wp-content\/uploads\/2021\/01\/sten-5-150x150.jpg\" class=\"attachment-thumbnail size-thumbnail\" alt=\"\" decoding=\"async\" loading=\"lazy\" srcset=\"https:\/\/mettevinterfugl.dk\/wp-content\/uploads\/2021\/01\/sten-5-150x150.jpg 150w, https:\/\/mettevinterfugl.dk\/wp-content\/uploads\/2021\/01\/sten-5-230x230.jpg 230w, https:\/\/mettevinterfugl.dk\/wp-content\/uploads\/2021\/01\/sten-5-400x400.jpg 400w, https:\/\/mettevinterfugl.dk\/wp-content\/uploads\/2021\/01\/sten-5-640x640.jpg 640w\" sizes=\"(max-width: 150px) 100vw, 150px\" \/><\/a>\n\t\t\t<\/div><\/figure><figure class='gallery-item'>\n\t\t\t<div class='gallery-icon landscape'>\n\t\t\t\t<a data-elementor-open-lightbox=\"yes\" data-elementor-lightbox-slideshow=\"978c528\" href='https:\/\/mettevinterfugl.dk\/wp-content\/uploads\/2021\/01\/sten-14-scaled.jpg'><img width=\"150\" height=\"150\" src=\"https:\/\/mettevinterfugl.dk\/wp-content\/uploads\/2021\/01\/sten-14-150x150.jpg\" class=\"attachment-thumbnail size-thumbnail\" alt=\"\" decoding=\"async\" loading=\"lazy\" srcset=\"https:\/\/mettevinterfugl.dk\/wp-content\/uploads\/2021\/01\/sten-14-150x150.jpg 150w, https:\/\/mettevinterfugl.dk\/wp-content\/uploads\/2021\/01\/sten-14-230x230.jpg 230w, https:\/\/mettevinterfugl.dk\/wp-content\/uploads\/2021\/01\/sten-14-400x400.jpg 400w, https:\/\/mettevinterfugl.dk\/wp-content\/uploads\/2021\/01\/sten-14-640x640.jpg 640w\" sizes=\"(max-width: 150px) 100vw, 150px\" \/><\/a>\n\t\t\t<\/div><\/figure><figure class='gallery-item'>\n\t\t\t<div class='gallery-icon landscape'>\n\t\t\t\t<a data-elementor-open-lightbox=\"yes\" data-elementor-lightbox-slideshow=\"978c528\" href='https:\/\/mettevinterfugl.dk\/wp-content\/uploads\/2021\/01\/blomster-4-scaled.jpg'><img width=\"150\" height=\"150\" src=\"https:\/\/mettevinterfugl.dk\/wp-content\/uploads\/2021\/01\/blomster-4-150x150.jpg\" class=\"attachment-thumbnail size-thumbnail\" alt=\"\" decoding=\"async\" loading=\"lazy\" srcset=\"https:\/\/mettevinterfugl.dk\/wp-content\/uploads\/2021\/01\/blomster-4-150x150.jpg 150w, https:\/\/mettevinterfugl.dk\/wp-content\/uploads\/2021\/01\/blomster-4-230x230.jpg 230w, https:\/\/mettevinterfugl.dk\/wp-content\/uploads\/2021\/01\/blomster-4-400x400.jpg 400w, https:\/\/mettevinterfugl.dk\/wp-content\/uploads\/2021\/01\/blomster-4-640x640.jpg 640w\" sizes=\"(max-width: 150px) 100vw, 150px\" \/><\/a>\n\t\t\t<\/div><\/figure><figure class='gallery-item'>\n\t\t\t<div class='gallery-icon landscape'>\n\t\t\t\t<a data-elementor-open-lightbox=\"yes\" data-elementor-lightbox-slideshow=\"978c528\" href='https:\/\/mettevinterfugl.dk\/wp-content\/uploads\/2021\/01\/sten-3-scaled.jpg'><img width=\"150\" height=\"150\" src=\"https:\/\/mettevinterfugl.dk\/wp-content\/uploads\/2021\/01\/sten-3-150x150.jpg\" class=\"attachment-thumbnail size-thumbnail\" alt=\"\" decoding=\"async\" loading=\"lazy\" srcset=\"https:\/\/mettevinterfugl.dk\/wp-content\/uploads\/2021\/01\/sten-3-150x150.jpg 150w, https:\/\/mettevinterfugl.dk\/wp-content\/uploads\/2021\/01\/sten-3-230x230.jpg 230w, https:\/\/mettevinterfugl.dk\/wp-content\/uploads\/2021\/01\/sten-3-400x400.jpg 400w, https:\/\/mettevinterfugl.dk\/wp-content\/uploads\/2021\/01\/sten-3-640x640.jpg 640w\" sizes=\"(max-width: 150px) 100vw, 150px\" \/><\/a>\n\t\t\t<\/div><\/figure><figure class='gallery-item'>\n\t\t\t<div class='gallery-icon landscape'>\n\t\t\t\t<a data-elementor-open-lightbox=\"yes\" data-elementor-lightbox-slideshow=\"978c528\" href='https:\/\/mettevinterfugl.dk\/wp-content\/uploads\/2021\/01\/sten-2-scaled.jpg'><img width=\"150\" height=\"150\" src=\"https:\/\/mettevinterfugl.dk\/wp-content\/uploads\/2021\/01\/sten-2-150x150.jpg\" class=\"attachment-thumbnail size-thumbnail\" alt=\"\" decoding=\"async\" loading=\"lazy\" srcset=\"https:\/\/mettevinterfugl.dk\/wp-content\/uploads\/2021\/01\/sten-2-150x150.jpg 150w, https:\/\/mettevinterfugl.dk\/wp-content\/uploads\/2021\/01\/sten-2-230x230.jpg 230w, https:\/\/mettevinterfugl.dk\/wp-content\/uploads\/2021\/01\/sten-2-400x400.jpg 400w, https:\/\/mettevinterfugl.dk\/wp-content\/uploads\/2021\/01\/sten-2-640x640.jpg 640w\" sizes=\"(max-width: 150px) 100vw, 150px\" \/><\/a>\n\t\t\t<\/div><\/figure><figure class='gallery-item'>\n\t\t\t<div class='gallery-icon landscape'>\n\t\t\t\t<a data-elementor-open-lightbox=\"yes\" data-elementor-lightbox-slideshow=\"978c528\" href='https:\/\/mettevinterfugl.dk\/wp-content\/uploads\/2021\/01\/sten-9-scaled.jpg'><img width=\"150\" height=\"150\" src=\"https:\/\/mettevinterfugl.dk\/wp-content\/uploads\/2021\/01\/sten-9-150x150.jpg\" class=\"attachment-thumbnail size-thumbnail\" alt=\"\" decoding=\"async\" loading=\"lazy\" srcset=\"https:\/\/mettevinterfugl.dk\/wp-content\/uploads\/2021\/01\/sten-9-150x150.jpg 150w, https:\/\/mettevinterfugl.dk\/wp-content\/uploads\/2021\/01\/sten-9-230x230.jpg 230w, https:\/\/mettevinterfugl.dk\/wp-content\/uploads\/2021\/01\/sten-9-400x400.jpg 400w, https:\/\/mettevinterfugl.dk\/wp-content\/uploads\/2021\/01\/sten-9-640x640.jpg 640w\" sizes=\"(max-width: 150px) 100vw, 150px\" \/><\/a>\n\t\t\t<\/div><\/figure><figure class='gallery-item'>\n\t\t\t<div class='gallery-icon landscape'>\n\t\t\t\t<a data-elementor-open-lightbox=\"yes\" data-elementor-lightbox-slideshow=\"978c528\" href='https:\/\/mettevinterfugl.dk\/wp-content\/uploads\/2021\/01\/sten-1-scaled.jpg'><img width=\"150\" height=\"150\" src=\"https:\/\/mettevinterfugl.dk\/wp-content\/uploads\/2021\/01\/sten-1-150x150.jpg\" class=\"attachment-thumbnail size-thumbnail\" alt=\"\" decoding=\"async\" loading=\"lazy\" srcset=\"https:\/\/mettevinterfugl.dk\/wp-content\/uploads\/2021\/01\/sten-1-150x150.jpg 150w, https:\/\/mettevinterfugl.dk\/wp-content\/uploads\/2021\/01\/sten-1-230x230.jpg 230w, https:\/\/mettevinterfugl.dk\/wp-content\/uploads\/2021\/01\/sten-1-400x400.jpg 400w, https:\/\/mettevinterfugl.dk\/wp-content\/uploads\/2021\/01\/sten-1-640x640.jpg 640w\" sizes=\"(max-width: 150px) 100vw, 150px\" \/><\/a>\n\t\t\t<\/div><\/figure><figure class='gallery-item'>\n\t\t\t<div class='gallery-icon landscape'>\n\t\t\t\t<a data-elementor-open-lightbox=\"yes\" data-elementor-lightbox-slideshow=\"978c528\" href='https:\/\/mettevinterfugl.dk\/wp-content\/uploads\/2021\/01\/Sten-i-vandkanten.jpg'><img width=\"150\" height=\"150\" src=\"https:\/\/mettevinterfugl.dk\/wp-content\/uploads\/2021\/01\/Sten-i-vandkanten-150x150.jpg\" class=\"attachment-thumbnail size-thumbnail\" alt=\"\" decoding=\"async\" loading=\"lazy\" srcset=\"https:\/\/mettevinterfugl.dk\/wp-content\/uploads\/2021\/01\/Sten-i-vandkanten-150x150.jpg 150w, https:\/\/mettevinterfugl.dk\/wp-content\/uploads\/2021\/01\/Sten-i-vandkanten-230x230.jpg 230w, https:\/\/mettevinterfugl.dk\/wp-content\/uploads\/2021\/01\/Sten-i-vandkanten-400x400.jpg 400w, https:\/\/mettevinterfugl.dk\/wp-content\/uploads\/2021\/01\/Sten-i-vandkanten-640x640.jpg 640w\" sizes=\"(max-width: 150px) 100vw, 150px\" \/><\/a>\n\t\t\t<\/div><\/figure><figure class='gallery-item'>\n\t\t\t<div class='gallery-icon landscape'>\n\t\t\t\t<a data-elementor-open-lightbox=\"yes\" data-elementor-lightbox-slideshow=\"978c528\" href='https:\/\/mettevinterfugl.dk\/wp-content\/uploads\/2021\/01\/sten-10-scaled.jpg'><img width=\"150\" height=\"150\" src=\"https:\/\/mettevinterfugl.dk\/wp-content\/uploads\/2021\/01\/sten-10-150x150.jpg\" class=\"attachment-thumbnail size-thumbnail\" alt=\"\" decoding=\"async\" loading=\"lazy\" srcset=\"https:\/\/mettevinterfugl.dk\/wp-content\/uploads\/2021\/01\/sten-10-150x150.jpg 150w, https:\/\/mettevinterfugl.dk\/wp-content\/uploads\/2021\/01\/sten-10-230x230.jpg 230w, https:\/\/mettevinterfugl.dk\/wp-content\/uploads\/2021\/01\/sten-10-400x400.jpg 400w, https:\/\/mettevinterfugl.dk\/wp-content\/uploads\/2021\/01\/sten-10-640x640.jpg 640w\" sizes=\"(max-width: 150px) 100vw, 150px\" \/><\/a>\n\t\t\t<\/div><\/figure><figure class='gallery-item'>\n\t\t\t<div class='gallery-icon landscape'>\n\t\t\t\t<a data-elementor-open-lightbox=\"yes\" data-elementor-lightbox-slideshow=\"978c528\" href='https:\/\/mettevinterfugl.dk\/wp-content\/uploads\/2021\/01\/DSC_0135-scaled.jpg'><img width=\"150\" height=\"150\" src=\"https:\/\/mettevinterfugl.dk\/wp-content\/uploads\/2021\/01\/DSC_0135-150x150.jpg\" class=\"attachment-thumbnail size-thumbnail\" alt=\"\" decoding=\"async\" loading=\"lazy\" srcset=\"https:\/\/mettevinterfugl.dk\/wp-content\/uploads\/2021\/01\/DSC_0135-150x150.jpg 150w, https:\/\/mettevinterfugl.dk\/wp-content\/uploads\/2021\/01\/DSC_0135-230x230.jpg 230w, https:\/\/mettevinterfugl.dk\/wp-content\/uploads\/2021\/01\/DSC_0135-400x400.jpg 400w, https:\/\/mettevinterfugl.dk\/wp-content\/uploads\/2021\/01\/DSC_0135-640x640.jpg 640w\" sizes=\"(max-width: 150px) 100vw, 150px\" \/><\/a>\n\t\t\t<\/div><\/figure><figure class='gallery-item'>\n\t\t\t<div class='gallery-icon landscape'>\n\t\t\t\t<a data-elementor-open-lightbox=\"yes\" data-elementor-lightbox-slideshow=\"978c528\" href='https:\/\/mettevinterfugl.dk\/wp-content\/uploads\/2021\/01\/DSC_0205-scaled.jpg'><img width=\"150\" height=\"150\" src=\"https:\/\/mettevinterfugl.dk\/wp-content\/uploads\/2021\/01\/DSC_0205-150x150.jpg\" class=\"attachment-thumbnail size-thumbnail\" alt=\"\" decoding=\"async\" loading=\"lazy\" srcset=\"https:\/\/mettevinterfugl.dk\/wp-content\/uploads\/2021\/01\/DSC_0205-150x150.jpg 150w, https:\/\/mettevinterfugl.dk\/wp-content\/uploads\/2021\/01\/DSC_0205-230x230.jpg 230w, https:\/\/mettevinterfugl.dk\/wp-content\/uploads\/2021\/01\/DSC_0205-400x400.jpg 400w, https:\/\/mettevinterfugl.dk\/wp-content\/uploads\/2021\/01\/DSC_0205-640x640.jpg 640w\" sizes=\"(max-width: 150px) 100vw, 150px\" \/><\/a>\n\t\t\t<\/div><\/figure><figure class='gallery-item'>\n\t\t\t<div class='gallery-icon landscape'>\n\t\t\t\t<a data-elementor-open-lightbox=\"yes\" data-elementor-lightbox-slideshow=\"978c528\" data-elementor-lightbox-title=\"Havehuset\" href='https:\/\/mettevinterfugl.dk\/wp-content\/uploads\/2021\/10\/Havehuset-scaled.jpg'><img width=\"150\" height=\"150\" src=\"https:\/\/mettevinterfugl.dk\/wp-content\/uploads\/2021\/10\/Havehuset-150x150.jpg\" class=\"attachment-thumbnail size-thumbnail\" alt=\"\" decoding=\"async\" loading=\"lazy\" srcset=\"https:\/\/mettevinterfugl.dk\/wp-content\/uploads\/2021\/10\/Havehuset-150x150.jpg 150w, https:\/\/mettevinterfugl.dk\/wp-content\/uploads\/2021\/10\/Havehuset-230x230.jpg 230w, https:\/\/mettevinterfugl.dk\/wp-content\/uploads\/2021\/10\/Havehuset-400x400.jpg 400w, https:\/\/mettevinterfugl.dk\/wp-content\/uploads\/2021\/10\/Havehuset-640x640.jpg 640w\" sizes=\"(max-width: 150px) 100vw, 150px\" \/><\/a>\n\t\t\t<\/div><\/figure>\n\t\t<\/div>\n\t\t<\/div>\n\t\t\t\t<\/div>\n\t\t\t\t<\/div>\n\t\t\t\t\t\t<\/div>\n\t\t\t\t\t<\/div>\n\t\t<\/div>\n\t\t\t\t\t\t\t\t<\/div>\n\t\t\t\t\t<\/div>\n\t\t<\/section>\n\t\t\t\t\t\t<\/div>\n\t\t\t\t\t\t<\/div>\n\t\t\t\t\t<\/div>\n\t\t","protected":false},"excerpt":{"rendered":"<p>Inspiration Fra barndommen af har jeg g\u00e5et ved stranden og samlet forsteninger. \u00d8jet l\u00e6rer ubevidst at se linier, farver, former, skygger og teksturer p\u00e5 strandens skiftende overflade mellem ebbe og flod. Der er ikke langt fra at se p\u00e5 forsteninger til at se p\u00e5 sten med \u00a0\u201cbilleder\u201d p\u00e5. Since my early childhood I have walked [&hellip;]<\/p>\n","protected":false},"author":2,"featured_media":0,"parent":0,"menu_order":0,"comment_status":"closed","ping_status":"closed","template":"","meta":[],"_links":{"self":[{"href":"https:\/\/mettevinterfugl.dk\/index.php?rest_route=\/wp\/v2\/pages\/1051"}],"collection":[{"href":"https:\/\/mettevinterfugl.dk\/index.php?rest_route=\/wp\/v2\/pages"}],"about":[{"href":"https:\/\/mettevinterfugl.dk\/index.php?rest_route=\/wp\/v2\/types\/page"}],"author":[{"embeddable":true,"href":"https:\/\/mettevinterfugl.dk\/index.php?rest_route=\/wp\/v2\/users\/2"}],"replies":[{"embeddable":true,"href":"https:\/\/mettevinterfugl.dk\/index.php?rest_route=%2Fwp%2Fv2%2Fcomments&post=1051"}],"version-history":[{"count":40,"href":"https:\/\/mettevinterfugl.dk\/index.php?rest_route=\/wp\/v2\/pages\/1051\/revisions"}],"predecessor-version":[{"id":1711,"href":"https:\/\/mettevinterfugl.dk\/index.php?rest_route=\/wp\/v2\/pages\/1051\/revisions\/1711"}],"wp:attachment":[{"href":"https:\/\/mettevinterfugl.dk\/index.php?rest_route=%2Fwp%2Fv2%2Fmedia&parent=1051"}],"curies":[{"name":"wp","href":"https:\/\/api.w.org\/{rel}","templated":true}]}}